{"id":15316,"date":"2024-05-23T12:29:44","date_gmt":"2024-05-23T09:29:44","guid":{"rendered":"http:\/\/msc-forest.fwsd.uth.gr\/?page_id=15316"},"modified":"2024-05-23T12:37:54","modified_gmt":"2024-05-23T09:37:54","slug":"dr-juana-delia-palma-martinez","status":"publish","type":"page","link":"https:\/\/msc-forest.fwsd.uth.gr\/en\/dr-juana-delia-palma-martinez\/","title":{"rendered":"Dr Juana Delia Palma-Mart\u00ednez"},"content":{"rendered":"<div data-elementor-type=\"wp-page\" data-elementor-id=\"15316\" class=\"elementor elementor-15316\" data-elementor-settings=\"[]\">\n\t\t\t\t\t\t<div class=\"elementor-inner\">\n\t\t\t\t\t\t\t<div class=\"elementor-section-wrap\">\n\t\t\t\t\t\t\t<section class=\"elementor-section elementor-top-section elementor-element elementor-element-f099f7d elementor-section-boxed elementor-section-height-default elementor-section-height-default\" data-id=\"f099f7d\" data-element_type=\"section\">\n\t\t\t\t\t\t<div class=\"elementor-container elementor-column-gap-default\">\n\t\t\t\t\t\t\t<div class=\"elementor-row\">\n\t\t\t\t\t<div class=\"elementor-column elementor-col-100 elementor-top-column elementor-element elementor-element-c4eafee\" data-id=\"c4eafee\" data-element_type=\"column\">\n\t\t\t<div class=\"elementor-column-wrap elementor-element-populated\">\n\t\t\t\t\t\t\t<div class=\"elementor-widget-wrap\">\n\t\t\t\t\t\t<section class=\"elementor-section elementor-inner-section elementor-element elementor-element-9919475 elementor-section-boxed elementor-section-height-default elementor-section-height-default\" data-id=\"9919475\" data-element_type=\"section\">\n\t\t\t\t\t\t<div class=\"elementor-container elementor-column-gap-default\">\n\t\t\t\t\t\t\t<div class=\"elementor-row\">\n\t\t\t\t\t<div class=\"elementor-column elementor-col-33 elementor-inner-column elementor-element elementor-element-9258c59\" data-id=\"9258c59\" data-element_type=\"column\">\n\t\t\t<div class=\"elementor-column-wrap elementor-element-populated\">\n\t\t\t\t\t\t\t<div class=\"elementor-widget-wrap\">\n\t\t\t\t\t\t<div class=\"elementor-element elementor-element-8144091 elementor-widget elementor-widget-image\" data-id=\"8144091\" data-element_type=\"widget\" data-widget_type=\"image.default\">\n\t\t\t\t<div class=\"elementor-widget-container\">\n\t\t\t\t\t<div class=\"elementor-image\">\n\t\t\t\t\t\t\t\t\t\t<img width=\"250\" height=\"250\" src=\"https:\/\/msc-forest.fwsd.uth.gr\/wp-content\/uploads\/2024\/05\/PHOTOS-OF-PROFESSORS.jpg\" class=\"attachment-large size-large\" alt=\"\" loading=\"lazy\" srcset=\"https:\/\/msc-forest.fwsd.uth.gr\/wp-content\/uploads\/2024\/05\/PHOTOS-OF-PROFESSORS.jpg 250w, https:\/\/msc-forest.fwsd.uth.gr\/wp-content\/uploads\/2024\/05\/PHOTOS-OF-PROFESSORS-150x150.jpg 150w, https:\/\/msc-forest.fwsd.uth.gr\/wp-content\/uploads\/2024\/05\/PHOTOS-OF-PROFESSORS-12x12.jpg 12w\" sizes=\"(max-width: 250px) 100vw, 250px\" \/>\t\t\t\t\t\t\t\t\t\t\t<\/div>\n\t\t\t\t<\/div>\n\t\t\t\t<\/div>\n\t\t\t\t\t\t<\/div>\n\t\t\t\t\t<\/div>\n\t\t<\/div>\n\t\t\t\t<div class=\"elementor-column elementor-col-66 elementor-inner-column elementor-element elementor-element-eeed51f\" data-id=\"eeed51f\" data-element_type=\"column\">\n\t\t\t<div class=\"elementor-column-wrap elementor-element-populated\">\n\t\t\t\t\t\t\t<div class=\"elementor-widget-wrap\">\n\t\t\t\t\t\t<div class=\"elementor-element elementor-element-a951df8 elementor-widget elementor-widget-text-editor\" data-id=\"a951df8\" data-element_type=\"widget\" data-widget_type=\"text-editor.default\">\n\t\t\t\t<div class=\"elementor-widget-container\">\n\t\t\t\t\t<div class=\"elementor-text-editor elementor-clearfix\"><h4><strong>Dr Juana Delia Palma-Mart\u00ednez <\/strong><\/h4>\n<strong>Resercher \u2013 Specialist on Non Timber Forest Products <\/strong><\/br>\nInstituto Forestal (INFOR), Chile<\/br>\nDepartment of Forestry, Wood Sciences and Design, Univeristy of Thessaly<\/p>\n\n\u2709 <a href=\"mailto:juani.palma@gmail.com\">juani.palma@gmail.com<\/a><\/div>\n\t\t\t\t<\/div>\n\t\t\t\t<\/div>\n\t\t\t\t\t\t<\/div>\n\t\t\t\t\t<\/div>\n\t\t<\/div>\n\t\t\t\t\t\t\t\t<\/div>\n\t\t\t\t\t<\/div>\n\t\t<\/section>\n\t\t\t\t<div class=\"elementor-element elementor-element-15b852a elementor-widget elementor-widget-text-editor\" data-id=\"15b852a\" data-element_type=\"widget\" data-widget_type=\"text-editor.default\">\n\t\t\t\t<div class=\"elementor-widget-container\">\n\t\t\t\t\t<div class=\"elementor-text-editor elementor-clearfix\"><p><strong>Short CV<\/strong><\/p><p>Dr. Juana Delia Palma-Mart\u00ednez studied forestry at the Universidad de La Frontera University of Chile. Since her graduation decided to dedicate her professional life to the study of Non Timber Forest Products (NTFPs) by coordinating several projects and working with indigenous communities in southern Chile. She got her doctoral degree from Freiburg University, Germany in 2011, where she studied sampling methods for NTFPs.<\/p><p>Her research focuses on the key role that indigenous communities imprint on NTFPs, which is the first step for the understanding of the real importance of these products. She also looks at biodiversity conservation through the development of skills and methods for a sustainable harvest of NTFPs. Between 2014 and 2022 was a researcher in the Forest Research Institute of Chile (INFOR) where she coordinated five-research project in relation to indigenous communities, three of them on vegetative material for basketry carried out on the coastal range evergreen forests of Araucan\u00eda, Los R\u00edos and Chilo\u00e9 Island. The other two projects focused on wild edible mushrooms carried out on the Andean evergreen forest in Panguipulli.<\/p><p>Dr. Juana Palma has been published several research papers, books, book chapters and practical guides for the sustainable recollection of NTFPs and has co-supervised 11 diploma theses in various Universities in Chile (Universidad Austral, Universidad de la Frontera, Universidad Cat\u00f3lica de Temuco) and Germany (University of Greifswald, University of Freiburg). Between 2021 and 2023 was the Head of the Chilean Non Governmental Organization \u201cForesters for the Native Forest\u201d (AIFBN).<\/p><\/div>\n\t\t\t\t<\/div>\n\t\t\t\t<\/div>\n\t\t\t\t\t\t<\/div>\n\t\t\t\t\t<\/div>\n\t\t<\/div>\n\t\t\t\t\t\t\t\t<\/div>\n\t\t\t\t\t<\/div>\n\t\t<\/section>\n\t\t\t\t\t\t<\/div>\n\t\t\t\t\t\t<\/div>\n\t\t\t\t\t<\/div>","protected":false},"excerpt":{"rendered":"<p>Dr Juana Delia Palma-Mart\u00ednez \u0395\u03c1\u03b5\u03c5\u03bd\u03ae\u03c4\u03c1\u03b9\u03b1 \u2013 \u0395\u03b9\u03b4\u03b9\u03ba\u03ae \u03c3\u03b5 \u03b8\u03ad\u03bc\u03b1\u03c4\u03b1 \u03bc\u03b7 \u03be\u03c5\u03bb\u03c9\u03b4\u03ce\u03bd \u03b4\u03b1\u03c3\u03b9\u03ba\u03ce\u03bd \u03c0\u03c1\u03bf\u03ca\u03cc\u03bd\u03c4\u03c9\u03bd \u0399\u03bd\u03c3\u03c4\u03b9\u03c4\u03bf\u03cd\u03c4\u03bf \u0394\u03b1\u03c3\u03b9\u03ba\u03ce\u03bd \u0395\u03c1\u03b5\u03c5\u03bd\u03ce\u03bd \u03c4\u03b7\u03c2 \u03a7\u03b9\u03bb\u03ae\u03c2 (INFOR) \u03a4\u03bc\u03ae\u03bc\u03b1 \u0394\u03b1\u03c3\u03bf\u03bb\u03bf\u03b3\u03af\u03b1\u03c2, \u0395\u03c0\u03b9\u03c3\u03c4\u03b7\u03bc\u03ce\u03bd \u039e\u03cd\u03bb\u03bf\u03c5 &amp; \u03a3\u03c7\u03b5\u03b4\u03b9\u03b1\u03c3\u03bc\u03bf\u03cd, \u03a0\u03b1\u03bd\u03b5\u03c0\u03b9\u03c3\u03c4\u03ae\u03bc\u03b9\u03bf \u0398\u03b5\u03c3\u03c3\u03b1\u03bb\u03af\u03b1\u03c2 \u2709 juani.palma@gmail.com \u03a3\u03cd\u03bd\u03c4\u03bf\u03bc\u03bf \u0392\u03b9\u03bf\u03b3\u03c1\u03b1\u03c6\u03b9\u03ba\u03cc \u0397 Dr. Juana Delia Palma-Mart\u00ednez \u03b5\u03af\u03bd\u03b1\u03b9 \u03c0\u03c4\u03c5\u03c7\u03b9\u03bf\u03cd\u03c7\u03bf\u03c2 \u0394\u03b1\u03c3\u03bf\u03bb\u03cc\u03b3\u03bf\u03c2 \u03c4\u03bf\u03c5 \u03a0\u03b1\u03bd\u03b5\u03c0\u03b9\u03c3\u03c4\u03b7\u03bc\u03af\u03bf\u03c5 Universidad de la Frontera (UFRO) \u03c4\u03b7\u03c2 \u03a7\u03b9\u03bb\u03ae\u03c2. \u039c\u03b5\u03c4\u03ac \u03c4\u03b7\u03bd \u03b1\u03c0\u03bf\u03c6\u03bf\u03af\u03c4\u03b7\u03c3\u03ae \u03c4\u03b7\u03c2 \u03b1\u03c0\u03bf\u03c6\u03ac\u03c3\u03b9\u03c3\u03b5 \u03bd\u03b1 \u03b1\u03c6\u03b9\u03b5\u03c1\u03ce\u03c3\u03b5\u03b9 &#8230;<\/p>","protected":false},"author":2,"featured_media":0,"parent":0,"menu_order":0,"comment_status":"closed","ping_status":"closed","template":"elementor_header_footer","meta":[],"_links":{"self":[{"href":"https:\/\/msc-forest.fwsd.uth.gr\/en\/wp-json\/wp\/v2\/pages\/15316"}],"collection":[{"href":"https:\/\/msc-forest.fwsd.uth.gr\/en\/wp-json\/wp\/v2\/pages"}],"about":[{"href":"https:\/\/msc-forest.fwsd.uth.gr\/en\/wp-json\/wp\/v2\/types\/page"}],"author":[{"embeddable":true,"href":"https:\/\/msc-forest.fwsd.uth.gr\/en\/wp-json\/wp\/v2\/users\/2"}],"replies":[{"embeddable":true,"href":"https:\/\/msc-forest.fwsd.uth.gr\/en\/wp-json\/wp\/v2\/comments?post=15316"}],"version-history":[{"count":10,"href":"https:\/\/msc-forest.fwsd.uth.gr\/en\/wp-json\/wp\/v2\/pages\/15316\/revisions"}],"predecessor-version":[{"id":15331,"href":"https:\/\/msc-forest.fwsd.uth.gr\/en\/wp-json\/wp\/v2\/pages\/15316\/revisions\/15331"}],"wp:attachment":[{"href":"https:\/\/msc-forest.fwsd.uth.gr\/en\/wp-json\/wp\/v2\/media?parent=15316"}],"curies":[{"name":"wp","href":"https:\/\/api.w.org\/{rel}","templated":true}]}}